{"id":79,"date":"2012-05-09T17:25:48","date_gmt":"2012-05-09T17:25:48","guid":{"rendered":"https:\/\/sportellounicoservizi.it\/ceccano\/?page_id=79"},"modified":"2020-07-15T15:43:39","modified_gmt":"2020-07-15T15:43:39","slug":"home-suap","status":"publish","type":"page","link":"https:\/\/sportellounicoservizi.it\/ceccano\/?page_id=79","title":{"rendered":"Home"},"content":{"rendered":"<div style=\"text-align: center;\"><\/div>\n<div style=\"text-align: center;\">\n<table style=\"width: 100%;\" border=\"1\" cellspacing=\"10\" cellpadding=\"40\" align=\"center\">\n<tbody>\n<tr>\n<td><a href=\"https:\/\/sportellounicoservizi.it\/ceccano\/?page_id=33\"><img loading=\"lazy\" decoding=\"async\" src=\"https:\/\/sportellounicoservizi.it\/ceccano\/wp-content\/uploads\/image\/registrazione.png\" alt=\"\" width=\"210\" height=\"184\" \/><\/a><\/td>\n<td><a href=\"https:\/\/sportellounicoservizi.it\/ceccano\/sue\/?page_id=3\"><img loading=\"lazy\" decoding=\"async\" src=\"https:\/\/sportellounicoservizi.it\/ceccano\/wp-content\/uploads\/image\/login.png\" alt=\"\" width=\"210\" height=\"184\" \/><\/a><\/td>\n<td><a href=\"https:\/\/sportellounicoservizi.it\/ceccano\/sue\/?page_id=33\"><img loading=\"lazy\" decoding=\"async\" src=\"https:\/\/sportellounicoservizi.it\/ceccano\/wp-content\/uploads\/image\/istanze.jpg\" alt=\"\" width=\"210\" height=\"184\" \/><\/a><\/td>\n<\/tr>\n<tr>\n<td><a href=\"https:\/\/sportellounicoservizi.it\/ceccano\/sue\/?page_id=11\"><img loading=\"lazy\" decoding=\"async\" src=\"https:\/\/sportellounicoservizi.it\/ceccano\/wp-content\/uploads\/image\/consulta_pratiche_1.png\" alt=\"\" width=\"210\" height=\"184\" \/><\/a><\/td>\n<td><a href=\"https:\/\/sportellounicoservizi.it\/ceccano\/suedemo\" target=\"_blank\" rel=\"noopener noreferrer\"><img loading=\"lazy\" decoding=\"async\" src=\"https:\/\/sportellounicoservizi.it\/ceccano\/wp-content\/uploads\/image\/test_portale.png\" alt=\"\" width=\"210\" height=\"184\" \/><\/a><\/td>\n<td><a href=\"https:\/\/sportellounicoservizi.it\/ceccano\/?page_id=83\"><img loading=\"lazy\" decoding=\"async\" src=\"https:\/\/sportellounicoservizi.it\/ceccano\/wp-content\/uploads\/image\/help_desk.png\" alt=\"\" width=\"210\" height=\"184\" \/><\/a><\/td>\n<\/tr>\n<\/tbody>\n<\/table>\n<\/div>\n<div>\n<div style=\"text-align: center;\">\n<table style=\"width: 100%;\" border=\"0\" cellspacing=\"1\" cellpadding=\"0\" align=\"center\">\n<tbody>\n<tr>\n<td class=\"txttab\" style=\"background-color: #ff3300; border-color: #ff3300; width: 0.2%;\" align=\"left\"><\/td>\n<td style=\"background-color: #7f7f7f; width: 45%;\" align=\"left\" valign=\"middle\">\n<div style=\"margin: 0px 0px 10.66px; text-align: justify; line-height: 115%; vertical-align: baseline;\"><b><span style=\"margin: 0px; padding: 0cm; border: 1pt windowtext; color: white; font-size: 28px; line-height: 115%;\">NOTE INFORMATIVE<\/span><\/b><\/div>\n<\/td>\n<td><\/td>\n<td class=\"txttab\" style=\"background-color: #ff3300; border-color: #ff3300; width: 0.2%;\" align=\"left\"><\/td>\n<td style=\"background-color: #7f7f7f; width: 45%;\" align=\"left\" valign=\"middle\">\n<div style=\"margin: 0px 0px 10.66px; text-align: justify; line-height: 115%; vertical-align: baseline;\"><b><span style=\"margin: 0px; padding: 0cm; border: 1pt windowtext; color: white; font-size: 28px; line-height: 115%;\">NOTE TECNICHE<\/span><\/b><\/div>\n<\/td>\n<\/tr>\n<tr>\n<td class=\"txttab\" style=\"background-color: #ff3300; border-color: #ff3300; width: 0.2%;\" align=\"left\"><\/td>\n<td style=\"width: 48%;\" align=\"left\" valign=\"middle\">\n<div style=\"background-color: white; margin: 0px 0px 10.66px 40px; line-height: 115%; vertical-align: baseline; text-align: left;\"><span style=\"margin: 0px; padding: 0cm; border: 1pt windowtext; color: black; line-height: 115%;\">Lo\u00a0<\/span><b><span style=\"margin: 0px; padding: 0cm; border: 1pt windowtext; color: dimgray; line-height: 115%;\">Sportello Unico per l&#8217;Edilizia<\/span><\/b><span style=\"margin: 0px; padding: 0cm; border: 1pt windowtext; color: black; line-height: 115%;\">\u00a0cura tutti i rapporti fra il privato, l&#8217;amministrazione e, ove occorra, le altre amministrazioni tenute a pronunciarsi in ordine all&#8217;intervento edilizio oggetto della richiesta di permesso o di denuncia di inizio attivit\u00e0. Esso provvede in particolare: alla ricezione ed istruttoria delle segnalazioni certificate d&#8217;inizio attivit\u00e0 edilizia, delle denunce di inizio attivit\u00e0 e delle domande per il rilascio di permessi di costruire e di ogni altro atto di assenso comunque denominato in materia di attivit\u00e0 edilizia.<\/span><\/div>\n<div style=\"background-color: white; margin: 0px 0px 10.66px 40px; text-align: justify; line-height: 115%; vertical-align: baseline; background-position: initial initial; background-repeat: initial initial;\"><\/div>\n<div style=\"background-color: white; margin: 0px 0px 10.66px 40px; line-height: 115%; vertical-align: baseline; text-align: left;\"><span style=\"margin: 0px; padding: 0cm; border: 1pt windowtext; color: black; line-height: 115%;\">Il presente sportello telematico S.U.E. Front-Office gestisce la creazione e l\u2019inoltro delle istanze di cui all\u2019accordo del 4 maggio 2017 tra il Governo, le Regioni e gli Enti locali concernente l\u2019adozione di moduli unificati e standardizzati per la presentazione delle segnalazioni, comunicazioni e istanze, pubblicato sulla G.U. serie generale n.128 del 05\/06\/2017 \u2013 Supplemento ordinario n.26.<\/span><\/div>\n<div style=\"background-color: white; margin: 0px 0px 10.66px 40px; line-height: 115%; vertical-align: baseline; text-align: left;\"><span style=\"margin: 0px; padding: 0cm; border: 1pt windowtext; color: black; line-height: 115%;\"><br \/>\nL\u2019Accordo stabilisce ai sensi dell\u2019Art.1 la Modulistica unificata e standardizzata in materia di attivit\u00e0 commerciali e assimilate e in materia di attivit\u00e0 edilizie. La Regione Lazio con la &#8220;Determinazione n\u00b0G08525 del 19\/06\/2017&#8221; ha approvato la modulistica in materia di commercio e artigianato che modifica quella adottata con le Determinazioni n. G02708 del 22 marzo 2016 e n. G16592 del 29 dicembre 2016\u00a0e la modulistica in materia di edilizia produttiva che modifica quella adottata con le Determinazioni n. G18732 del 23 dicembre 2014 e n. G01308 del 13 febbraio 2015.<\/span><\/div>\n<div style=\"background-color: white; margin: 0px 0px 10.66px 40px; line-height: 115%; vertical-align: baseline; text-align: left;\"><b><span style=\"margin: 0px; padding: 0cm; border: 1pt windowtext; color: black; line-height: 115%;\"><br \/>\n<\/span><\/b><b><span style=\"margin: 0px; padding: 0cm; border: 1pt windowtext; color: dimgray; line-height: 115%;\">La Modulistica S.U.E. riguarda i procedimenti di seguito elencati:<\/span><\/b><\/div>\n<div style=\"margin: 0px 0px 10.66px 80px; line-height: 115%; text-indent: -18pt; vertical-align: baseline; text-align: left;\"><span style=\"margin: 0px; color: black; line-height: 115%; font-size: 10pt;\"><span style=\"margin: 0px;\">\u00b7 <\/span><\/span><b><span style=\"margin: 0px; padding: 0cm; border: 1pt windowtext; color: navy; line-height: 115%;\">CIL\u00a0<\/span><\/b><span style=\"margin: 0px; color: black; line-height: 115%;\">(comunicazione di<br \/>\n<\/span><span style=\"margin: 0px; color: black; line-height: 115%;\">inizio lavori) in edilizia libera (art.6, comma 1, lett.e-bis) del d.P.R. n.380\/2001 e n. 26 Tabella A,Sez. II del d.L.G.S. n. 222\/2016.<\/span><\/div>\n<div style=\"margin: 0px 0px 10.66px 80px; line-height: 115%; text-indent: -18pt; vertical-align: baseline; text-align: left;\"><span style=\"margin: 0px; color: black; line-height: 115%; font-size: 10pt;\"><span style=\"margin: 0px;\">\u00b7<span style=\"font: 7pt;\"> \u00a0\u00a0\u00a0\u00a0\u00a0\u00a0 <\/span><\/span><\/span><b><span style=\"margin: 0px; padding: 0cm; border: 1pt windowtext; color: navy; line-height: 115%;\">CILA<\/span><\/b><span style=\"margin: 0px; padding: 0cm; border: 1pt windowtext; color: black; line-height: 115%;\">\u00a0(comunicazione di inizio lavori asseverata) per interventi di edilizia libera (art.6-bis, d.P.R. 6 giugno 2001,n. 380\u00a0<\/span><\/div>\n<div style=\"margin: 0px 0px 10.66px 80px; line-height: 115%; text-indent: -18pt; vertical-align: baseline;\"><span style=\"margin: 0px; color: black; line-height: 115%; font-size: 10pt;\"><span style=\"margin: 0px;\">\u00b7<span style=\"font: 7pt;\"> \u00a0\u00a0\u00a0\u00a0 <\/span><\/span><\/span><b><span style=\"margin: 0px; padding: 0cm; border: 1pt windowtext; color: navy; line-height: 115%;\">PDC_Richiesta di Permesso di Costruire<\/span><\/b><span style=\"margin: 0px; padding: 0cm; border: 1pt windowtext; color: black; line-height: 115%;\"> (art. 20, d.P.R. 6 giugno 2001, n. 380_artt. 7, d.P.R. 7 settembre 2010, n. 160).<\/span><\/div>\n<div style=\"margin: 0px 0px 10.66px 80px; line-height: 115%; text-indent: -18pt; vertical-align: baseline;\"><span style=\"margin: 0px; color: black; line-height: 115%; font-size: 10pt;\"><span style=\"margin: 0px;\">\u00b7<span style=\"font: 7pt;\">\u00a0\u00a0\u00a0\u00a0\u00a0\u00a0\u00a0\u00a0 <\/span><\/span><\/span><b><span style=\"margin: 0px; padding: 0cm; border: 1pt windowtext; color: navy; line-height: 115%;\">SCIA<\/span><\/b><span style=\"margin: 0px; padding: 0cm; border: 1pt windowtext; color: black; line-height: 115%;\">\u00a0\u2013 segnalazione certificata di inizio attivit\u00e0 (art. 22, d.p.r. 6 giugno 2001, n. 380-art. 19, 19-bis I. 7 agosto 1990,n.241-artt.5,6,e 7,d.P.R. 7 settembre.<\/span><\/div>\n<div style=\"margin: 0px 0px 10.66px 80px; line-height: 115%; text-indent: -18pt; vertical-align: baseline;\"><span style=\"margin: 0px; color: black; line-height: 115%; font-size: 10pt;\"><span style=\"margin: 0px;\">\u00b7<span style=\"font: 7pt;\">\u00a0\u00a0\u00a0\u00a0\u00a0\u00a0\u00a0\u00a0 <\/span><\/span><\/span><b><span style=\"margin: 0px; padding: 0cm; border: 1pt windowtext; color: navy; line-height: 115%;\">Segnalazione certificata di inizio attivit\u00e0 alternativa al permesso di costruire<\/span><\/b><b>\u00a0<\/b><span style=\"margin: 0px; padding: 0cm; border: 1pt windowtext; color: black; line-height: 115%;\">(art. 23, d.p.r. 6 giugno 2001, n. 380 \u2013 art.7, dpr 7 settembre 2010, n 160).<\/span><\/div>\n<div style=\"background-color: white; margin: 0px 0px 10.66px 40px; line-height: 115%; vertical-align: baseline; text-align: left;\"><span style=\"margin: 0px; padding: 0cm; border: 1pt windowtext; color: black; line-height: 115%;\">Sono presenti inoltre moduli per la Richiesta di Certificazioni varie e Comunicazioni\/Domande Post Abilitativo.<\/span><span style=\"margin: 0px; padding: 0cm; border: 1pt windowtext; color: black; line-height: 115%;\"><br \/>\n<\/span><\/div>\n<div style=\"background-color: white; margin: 0px 0px 10.66px 40px; text-align: justify; line-height: 115%; vertical-align: baseline; background-position: initial initial; background-repeat: initial initial;\"><\/div>\n<div style=\"background-color: white; margin: 0px 0px 10.66px 40px; line-height: 115%; vertical-align: baseline; text-align: left;\"><b><span style=\"margin: 0px; padding: 0cm; border: 1pt windowtext; color: dimgray; line-height: 115%;\">Nota Bene:<\/span><\/b><span style=\"margin: 0px; padding: 0cm; border: 1pt windowtext; color: black; line-height: 115%;\"> i\u00a0procedimenti propedeutici al rilascio del titolo abilitativo quali ad esempio la richiesta di <b>Autorizzazione Paesaggistica\u00a0<\/b>o quella relativa al<b>\u00a0Vincolo Idrogeologico, ecc.\u00a0<\/b>sono in corso di implementazione; pertanto, le istanze dovranno continuare ad essere presentate nella modalit\u00e0 cartacea presso il protocollo generale dell\u2019Ente fino a nuova comunicazione.<\/span><\/div>\n<\/td>\n<td style=\"width: 4%;\"><\/td>\n<td class=\"txttab\" style=\"background-color: #ff3300; border-color: #ff3300; width: 0.2%;\" align=\"left\"><\/td>\n<td style=\"width: 48%;\" align=\"left\" valign=\"middle\">\n<div style=\"margin: 0px 0px 10.66px 40px; line-height: 115%; vertical-align: baseline;\"><b><span style=\"margin: 0px; padding: 0cm; border: 1pt windowtext; color: dimgray; line-height: 115%;\">Modalit\u00e0 d&#8217;invio<\/span><\/b><\/div>\n<div style=\"background-color: white; margin: 0px 0px 10.66px 40px; line-height: 115%; vertical-align: baseline; background-position: initial initial; background-repeat: initial initial;\"><b><span style=\"margin: 0px; padding: 0cm; border: 1pt windowtext; color: darkgreen; line-height: 115%;\">Compilazione On line<\/span><\/b><\/div>\n<div style=\"background-color: white; margin: 0px 0px 10.66px 40px; line-height: 115%; vertical-align: baseline; background-position: initial initial; background-repeat: initial initial;\"><span style=\"margin: 0px; padding: 0cm; border: 1pt windowtext; color: black; line-height: 115%;\">Per\u00a0la Compilazione Online \u00e8 necessario effettuare le operazioni di\u00a0<\/span><b><i><span style=\"margin: 0px; padding: 0cm; border: 1pt windowtext; color: #0062a0; line-height: 115%;\">registrazione<\/span><\/i><\/b><i><span style=\"margin: 0px; padding: 0cm; border: 1pt windowtext; color: black; line-height: 115%;\">.\u00a0<\/span><\/i><span style=\"margin: 0px; padding: 0cm; border: 1pt windowtext; color: black; line-height: 115%;\">La compilazione on line prevede l&#8217;esecuzione di passi utili per l&#8217;invio della pratica. Tali passi permettono di scaricare la modulistica utile al procedimento e caricarla per poi inviarla in maniera automatica al SUE.<\/span><\/div>\n<div style=\"background-color: white; margin: 0px 0px 10.66px 40px; line-height: 115%; vertical-align: baseline; background-position: initial initial; background-repeat: initial initial;\"><b><span style=\"margin: 0px; padding: 0cm; border: 1pt windowtext; color: navy; line-height: 115%;\">Invio Tramite PEC<\/span><\/b><span style=\"margin: 0px; padding: 0cm; border: 1pt windowtext; color: black; line-height: 115%;\"><br \/>\nScaricare la modulistica relativa al procedimento dall&#8217;icona, compilarla e inviarla tramite PEC. Questa procedura \u00e8 valida solo per le pratiche non ancora contemplate nella Compilazione on-line del presente sportello F.O.<br \/>\n<\/span><\/div>\n<div style=\"margin: 0px 0px 10.66px 40px; line-height: 115%; vertical-align: baseline;\"><b><span style=\"margin: 0px; padding: 0cm; border: 1pt windowtext; color: dimgray; line-height: 115%;\">Annullamento Pratica g\u00ec\u00e0 Acquisita dall&#8217; Ente<\/span><\/b><\/div>\n<div style=\"margin: 0px 0px 10.66px 40px; line-height: 115%; vertical-align: baseline;\"><span style=\"margin: 0px; padding: 0cm; border: 1pt windowtext; color: black; line-height: 115%;\">Si pu\u00f2 richiedere l&#8217;annullamento di una pratica inoltrata on-line presso l&#8217;Ente, con apposito procedimento, la richiesta comporta la perdita dei Diritti versati per la stessa.<\/span><\/div>\n<div style=\"margin: 0px 0px 10.66px 40px; line-height: 115%; vertical-align: baseline;\"><b><span style=\"margin: 0px; padding: 0cm; border: 1pt windowtext; color: dimgray; line-height: 115%;\">Formati per la documentazione a corredo delle istanze<\/span><\/b><\/div>\n<div style=\"margin: 0px 0px 10.66px 80px; line-height: 115%; text-indent: -18pt; vertical-align: baseline;\"><span style=\"margin: 0px; color: black; line-height: 115%; font-size: 10pt;\"><span style=\"margin: 0px;\">\u00b7<span style=\"font: 7pt;\">\u00a0\u00a0\u00a0\u00a0\u00a0\u00a0\u00a0\u00a0 <\/span><\/span><\/span><span style=\"margin: 0px; padding: 0cm; border: 1pt windowtext; color: black; line-height: 115%;\">Per prevenire possibili problemi di\u00a0<b>illeggibilit\u00e0<\/b>\u00a0dei documenti, qualora venissero prodotti da programmi software di versioni differenti o su piattaforme tecnologiche diverse \u00e8 richiesto l&#8217;utilizzo del\u00a0<\/span><a href=\"https:\/\/get.adobe.com\/reader\/?loc=it\" target=\"_blank\" rel=\"noopener noreferrer\"><b><span style=\"margin: 0px; padding: 0cm; border: 1pt windowtext; color: #222222; line-height: 115%;\">software\u00a0Adobe Acrobat Reader<\/span><\/b><\/a><span style=\"margin: 0px; color: black; line-height: 115%;\">\u00a0(versione gratuita).<\/span><\/div>\n<div style=\"margin: 0px 0px 10.66px 40px; line-height: 115%; vertical-align: baseline;\"><b><span style=\"margin: 0px; padding: 0cm; border: 1pt windowtext; color: black; line-height: 115%;\">N.B.\u00a0Anche\u00a0agli utilizzatori dei\u00a0sistemi Apple\u00a0<\/span><\/b><span style=\"margin: 0px; padding: 0cm; border: 1pt windowtext; color: black; line-height: 115%;\">si consiglia\u00a0di installare il\u00a0<\/span><a href=\"https:\/\/get.adobe.com\/reader\/?loc=it\" target=\"_blank\" rel=\"noopener noreferrer\"><b><span style=\"margin: 0px; padding: 0cm; border: 1pt windowtext; color: #0062a0; line-height: 115%;\">software\u00a0Adobe Acrobat Reader\u00a0<\/span><\/b><\/a><span style=\"margin: 0px; padding: 0cm; border: 1pt windowtext; color: black; line-height: 115%;\">per una corretta compilazione dei modelli, in quanto, il visualizzatore di pdf proposto dal browser\u00a0<b>&#8220;Safari&#8221;<\/b>\u00a0gestisce font che\u00a0<b><u>non sono compatibili<\/u><\/b>\u00a0e leggibili dal visualizzatore &#8220;Acrobat Reader&#8221; (generalmente utilizzato dall&#8217;ente per la lettura dei file), pertanto, in fase di rilettura i campi dei documenti potrebbero apparire vuoti pur essendo compilati.<\/span><\/div>\n<div style=\"margin: 0px 0px 10.66px 80px; line-height: 115%; text-indent: -18pt; vertical-align: baseline;\"><span style=\"margin: 0px; color: black; line-height: 115%; font-size: 10pt;\"><span style=\"margin: 0px;\">\u00b7<span style=\"font: 7pt;\">\u00a0\u00a0\u00a0\u00a0\u00a0\u00a0\u00a0\u00a0 <\/span><\/span><\/span><span style=\"margin: 0px; padding: 0cm; border: 1pt windowtext; color: black; line-height: 115%;\">Per garantire\u00a0<b>l&#8217;immodificabilit\u00e0 dei file e la loro lettura nel tempo<\/b>\u00a0la normativa prevede che questi siano salvati in<b>\u00a0formato pdf\/A\u00a0<\/b>esistono diversi strumenti, alcuni dei quali a pagamento (es. acrobat\u00a0professional), oppure strumenti open-source gratuiti scaricabili in rete:\u00a0<\/span><\/div>\n<div style=\"margin: 0px 0px 10.66px 80px; line-height: 115%; vertical-align: baseline;\"><\/div>\n<div style=\"margin: 0px 0px 10.66px 40px; line-height: 115%; vertical-align: baseline;\"><b><span style=\"margin: 0px; padding: 0cm; border: 1pt windowtext; color: dimgray; line-height: 115%;\">Software GRATUITI per la creazione dei formato pdf\/A<\/span><\/b><\/div>\n<div style=\"margin: 0px 0px 10.66px 40px; line-height: 115%; vertical-align: baseline;\"><a href=\"http:\/\/sourceforge.net\/projects\/pdfcreator\/files\/latest\/download\" target=\"_blank\" rel=\"noopener noreferrer\"><span style=\"margin: 0px; padding: 0cm; border: 1pt windowtext; color: #00468c; line-height: 115%;\">PDF CREATOR<\/span><\/a>\u00a0<span style=\"margin: 0px; padding: 0cm; border: 1pt windowtext; color: #222222; line-height: 115%;\">reperibile\u00a0al sito<\/span><\/div>\n<div style=\"margin: 0px 0px 10.66px 40px; line-height: 115%; vertical-align: baseline;\"><a href=\"http:\/\/sourceforge.net\/projects\/pdfcreator\" target=\"_blank\" rel=\"noopener noreferrer\"><span style=\"margin: 0px; padding: 0cm; border: 1pt windowtext; color: #0062a0; line-height: 115%;\">http:\/\/sourceforge.net\/projects\/pdfcreator<\/span><\/a><\/div>\n<div style=\"margin: 0px 0px 10.66px 40px; line-height: 115%; vertical-align: baseline;\"><span style=\"margin: 0px; padding: 0cm; border: 1pt windowtext; color: #494949; line-height: 115%;\">(Programma per la creazione\/conversione dei files in formato\u00a0<u>pdf\/a-2b<\/u>)<\/span><span style=\"margin: 0px; padding: 0cm; border: 1pt windowtext; color: #222222; line-height: 115%;\">.<\/span><\/div>\n<div style=\"margin: 0px 0px 10.66px 40px; line-height: 115%; vertical-align: baseline;\"><span style=\"margin: 0px; padding: 0cm; border: 1pt windowtext; color: black; line-height: 115%;\">In alternativa, per i file di testo o immagini, \u00e8 possibile utilizzare\u00a0<\/span><a href=\"https:\/\/www.openoffice.org\/it\/\" target=\"_blank\" rel=\"noopener noreferrer\"><span style=\"margin: 0px; padding: 0cm; border: 1pt windowtext; color: #0062a0; line-height: 115%;\">Open Office<\/span><\/a><span style=\"margin: 0px; padding: 0cm; border: 1pt windowtext; color: black; line-height: 115%;\">.<\/span><\/div>\n<div style=\"margin: 0px 0px 10.66px 40px; line-height: 115%; vertical-align: baseline;\"><\/div>\n<div style=\"margin: 0px 0px 10.66px 40px; line-height: 115%; vertical-align: baseline;\"><span style=\"margin: 0px; padding: 0cm; border: 1pt windowtext; color: black; line-height: 107%;\">Per ulteriori informazioni, consultare le pagine: &#8211;\u00a0<\/span><span style=\"margin: 0px; line-height: 107%;\"><a href=\"https:\/\/sportellounicoservizi.it\/ceccano\/?page_id=83\" target=\"_blank\" rel=\"noopener noreferrer\"><span style=\"margin: 0px; padding: 0cm; border: 1pt windowtext; color: #0062a0; line-height: 107%;\">Help Desk<\/span><\/a><\/span><span style=\"margin: 0px; padding: 0cm; border: 1pt windowtext; color: #494949; line-height: 107%;\">\u00a0&#8211;\u00a0<\/span><span style=\"margin: 0px; line-height: 107%;\"><a href=\"https:\/\/sportellounicoservizi.it\/ceccano\/sue\/?page_id=186\" target=\"_blank\" rel=\"noopener noreferrer\"><span style=\"margin: 0px; padding: 0cm; border: 1pt windowtext; color: #0062a0; line-height: 107%;\">Linee Guida<\/span><\/a><\/span><span style=\"margin: 0px; padding: 0cm; border: 1pt windowtext; color: black; line-height: 107%;\">\u00a0accessibili dal menu di sinistra<\/span><\/div>\n<\/td>\n<\/tr>\n<\/tbody>\n<\/table>\n<\/div>\n<\/div>\n","protected":false},"excerpt":{"rendered":"<p>NOTE INFORMATIVE NOTE TECNICHE Lo\u00a0Sportello Unico per l&#8217;Edilizia\u00a0cura tutti i rapporti fra il privato, l&#8217;amministrazione e, ove occorra, le altre amministrazioni tenute a pronunciarsi in ordine all&#8217;intervento edilizio oggetto della richiesta di permesso o di denuncia di inizio attivit\u00e0. Esso provvede in particolare: alla ricezione ed istruttoria delle segnalazioni certificate d&#8217;inizio attivit\u00e0 edilizia, delle denunce [&hellip;]<\/p>\n","protected":false},"author":1,"featured_media":0,"parent":0,"menu_order":0,"comment_status":"open","ping_status":"open","template":"","meta":{"footnotes":""},"class_list":["post-79","page","type-page","status-publish","hentry"],"_links":{"self":[{"href":"https:\/\/sportellounicoservizi.it\/ceccano\/index.php?rest_route=\/wp\/v2\/pages\/79","targetHints":{"allow":["GET"]}}],"collection":[{"href":"https:\/\/sportellounicoservizi.it\/ceccano\/index.php?rest_route=\/wp\/v2\/pages"}],"about":[{"href":"https:\/\/sportellounicoservizi.it\/ceccano\/index.php?rest_route=\/wp\/v2\/types\/page"}],"author":[{"embeddable":true,"href":"https:\/\/sportellounicoservizi.it\/ceccano\/index.php?rest_route=\/wp\/v2\/users\/1"}],"replies":[{"embeddable":true,"href":"https:\/\/sportellounicoservizi.it\/ceccano\/index.php?rest_route=%2Fwp%2Fv2%2Fcomments&post=79"}],"version-history":[{"count":360,"href":"https:\/\/sportellounicoservizi.it\/ceccano\/index.php?rest_route=\/wp\/v2\/pages\/79\/revisions"}],"predecessor-version":[{"id":966,"href":"https:\/\/sportellounicoservizi.it\/ceccano\/index.php?rest_route=\/wp\/v2\/pages\/79\/revisions\/966"}],"wp:attachment":[{"href":"https:\/\/sportellounicoservizi.it\/ceccano\/index.php?rest_route=%2Fwp%2Fv2%2Fmedia&parent=79"}],"curies":[{"name":"wp","href":"https:\/\/api.w.org\/{rel}","templated":true}]}}